{"id":60,"date":"2012-09-08T14:08:00","date_gmt":"2012-09-08T12:08:00","guid":{"rendered":"http:\/\/krzysztof-kuc.info\/?page_id=60"},"modified":"2012-09-08T14:08:00","modified_gmt":"2012-09-08T12:08:00","slug":"misja-strony","status":"publish","type":"page","link":"https:\/\/krzysztof-kuc.info\/?page_id=60","title":{"rendered":"Misja strony"},"content":{"rendered":"<p style=\"text-align: justify;\">Strona stworzona zosta\u0142a przez osoby, kt\u00f3re pad\u0142y ofiar\u0105 przest\u0119pczej dzia\u0142alno\u015bci Krzysztofa Kuca. Ka\u017cdy z nas straci\u0142 przez niego od ok 10 do ponad 100 tysi\u0119cy z\u0142otych.\u00a0Z\u0142odziej m\u00f3g\u0142 dzia\u0142a\u0107 na tak\u0105 skal\u0119 wy\u0142\u0105cznie dzi\u0119ki przychylno\u015bci organ\u00f3w \u015bcigania oraz kompletnemu brakowi informacji na jego temat w publicznie\u00a0dost\u0119pnych\u00a0\u017ar\u00f3d\u0142ach. Gdyby ta strona powsta\u0142a\u00a0wcze\u015bniej, kilkadziesi\u0105t os\u00f3b unikn\u0119\u0142oby\u00a0powa\u017cnych\u00a0problem\u00f3w finansowych i prawnych. Niestety, w przypadku Kuca wsp\u00f3\u0142dzia\u0142anie s\u0105du i prokuratury do z\u0142udzenia przypomina spraw\u0119 Amber Gold. Krzysztof K., recydywista, na przestrzeni jednego roku dokonuje kilkudziesi\u0119ciu\u00a0przest\u0119pstw. \u0141\u0105czna kwota wy\u0142udze\u0144 z samych tylko transakcji Allegro i prywatnych\u00a0po\u017cyczek\u00a0przekracza p\u00f3\u0142 mln z\u0142 a <strong>mo\u017ce si\u0119ga\u0107 nawet miliona<\/strong>,\u00a0je\u017celi\u00a0uwzgl\u0119dni si\u0119 oszustwa dokonane przez Kuca za pomoc\u0105 <span style=\"text-decoration: underline;\">fikcyjnego funduszu inwestycyjnego<\/span>. Pomimo posiadania niepodwa\u017calnych dowod\u00f3w, wystarczaj\u0105cych do skazania go na maksymalny wymiar kary (8 lat pozbawienia wolno\u015bci) prokuratura w ci\u0105gu roku nie przygotowa\u0142a aktu oskar\u017cenia a s\u0105d zwolni\u0142 Kuca z aresztu! Kuc skrupulatnie korzysta z okazji stworzonej mu przez wymiar &#8222;sprawiedliwo\u015bci&#8221;, czego klasycznym przyk\u0142adem s\u0105 posty zamieszczony pod <a href=\"http:\/\/bialystok.gazeta.pl\/bialystok\/1,85994,11730091,Oszusci_buszowali_na_Allegro__wyludzili_ponad_250.html\">artyku\u0142em o jego zatrzymaniu<\/a> (posty pochodz\u0105 z dni 28-29 sierpnia 2012r, czyli kilka miesi\u0119cy po zwolnieniu Kuca z aresztu!):<\/p>\n<p style=\"padding-left: 30px;\">28.08.12, 21:39<\/p>\n<div style=\"padding-left: 30px;\">\n<p>[&#8230;Niestety jestem ofiar\u0105 p.Kuca chcia\u0142abym aby wszyscy wiedzieli \u017ce jest koniec sierpnia 2012 roku a on dalej robi to samo&#8230;]<\/p>\n<\/div>\n<p style=\"padding-left: 30px;\">Re: Oszu\u015bci buszowali na Allegro, wy\u0142udzili ponad 250 tysi\u0119cy z\u0142otych<br \/>\n29.08.12, 13:06<\/p>\n<p style=\"padding-left: 30px;\">[&#8230;Witam jestem z Warszawy, z powodu ci\u0119\u017ckiej sytuacji zamie\u015bci\u0142am og\u0142oszenie \u017ce szukam pracy odpowiedzia\u0142 mi wyja\u015bniaj\u0105c \u017ce ma firm\u0119 zarejestrowan\u0105 w Anglii dlatego nie mo\u017ce sam przeprowadza\u0107 aukcji poniewa\u017c nie jest rezydentem,wiem powinnam to wszystko sprawdzi\u0107 najpierw ale po przesy\u0142a\u0142 skany wszystko wydawa\u0142o mi si\u0119 w porz\u0105dku dopiero jak nie otrzyma\u0142am prowizji zacz\u0119\u0142am buszowa\u0107 po internecie i znalaz\u0142am.Na moim koncie aukcja zosta\u0142a zako\u0144czona przed czasem,natomiast skontaktowa\u0142am go z potencjalnym klientem,wczoraj gdy odkry\u0142am kim jest tak naprawd\u0119 kuc napisa\u0142am do tego cz\u0142owieka i wiem,\u017ce wp\u0142aci\u0142 pieni\u0105dze ale towaru nie ma&#8230;]<\/p>\n<p>Prosimy o rozes\u0142anie linka o tej stronie do znajomych. Przeczytanie informacji zajmie kilka minut, nazwisko oszusta \u0142atwo zapami\u0119ta\u0107, a \u017cadna z os\u00f3b, kt\u00f3ra t\u0105 stron\u0119 odwiedzi nie padnie w przysz\u0142o\u015bci ofiara Krzysztofa K. !<\/p>\n","protected":false},"excerpt":{"rendered":"<p>Strona stworzona zosta\u0142a przez osoby, kt\u00f3re pad\u0142y ofiar\u0105 przest\u0119pczej dzia\u0142alno\u015bci Krzysztofa Kuca. Ka\u017cdy z nas straci\u0142 przez niego od ok 10 do ponad 100 tysi\u0119cy z\u0142otych.\u00a0Z\u0142odziej m\u00f3g\u0142 dzia\u0142a\u0107 na tak\u0105 skal\u0119 wy\u0142\u0105cznie dzi\u0119ki przychylno\u015bci organ\u00f3w \u015bcigania oraz kompletnemu brakowi informacji &hellip; <a href=\"https:\/\/krzysztof-kuc.info\/?page_id=60\">Czytaj dalej <span class=\"meta-nav\">&rarr;<\/span><\/a><\/p>\n","protected":false},"author":2,"featured_media":0,"parent":0,"menu_order":0,"comment_status":"open","ping_status":"open","template":"","meta":{"footnotes":""},"class_list":["post-60","page","type-page","status-publish","hentry"],"_links":{"self":[{"href":"https:\/\/krzysztof-kuc.info\/index.php?rest_route=\/wp\/v2\/pages\/60"}],"collection":[{"href":"https:\/\/krzysztof-kuc.info\/index.php?rest_route=\/wp\/v2\/pages"}],"about":[{"href":"https:\/\/krzysztof-kuc.info\/index.php?rest_route=\/wp\/v2\/types\/page"}],"author":[{"embeddable":true,"href":"https:\/\/krzysztof-kuc.info\/index.php?rest_route=\/wp\/v2\/users\/2"}],"replies":[{"embeddable":true,"href":"https:\/\/krzysztof-kuc.info\/index.php?rest_route=%2Fwp%2Fv2%2Fcomments&post=60"}],"version-history":[{"count":2,"href":"https:\/\/krzysztof-kuc.info\/index.php?rest_route=\/wp\/v2\/pages\/60\/revisions"}],"predecessor-version":[{"id":62,"href":"https:\/\/krzysztof-kuc.info\/index.php?rest_route=\/wp\/v2\/pages\/60\/revisions\/62"}],"wp:attachment":[{"href":"https:\/\/krzysztof-kuc.info\/index.php?rest_route=%2Fwp%2Fv2%2Fmedia&parent=60"}],"curies":[{"name":"wp","href":"https:\/\/api.w.org\/{rel}","templated":true}]}}