{"id":39,"date":"2012-09-08T00:09:02","date_gmt":"2012-09-08T00:09:02","guid":{"rendered":"http:\/\/krzysztof-kuc.info\/?page_id=39"},"modified":"2012-09-08T14:11:00","modified_gmt":"2012-09-08T12:11:00","slug":"doniesienia-prasowe-o-kucu","status":"publish","type":"page","link":"https:\/\/krzysztof-kuc.info\/?page_id=39","title":{"rendered":"Media o Kucu"},"content":{"rendered":"<p><img loading=\"lazy\" decoding=\"async\" class=\"alignleft size-full wp-image-40\" title=\"KWP o Kucu\" src=\"http:\/\/krzysztof-kuc.info\/wp-content\/uploads\/2012\/09\/KWP-o-Kucu.jpg\" alt=\"\" width=\"989\" height=\"823\" srcset=\"https:\/\/krzysztof-kuc.info\/wp-content\/uploads\/2012\/09\/KWP-o-Kucu.jpg 989w, https:\/\/krzysztof-kuc.info\/wp-content\/uploads\/2012\/09\/KWP-o-Kucu-300x249.jpg 300w, https:\/\/krzysztof-kuc.info\/wp-content\/uploads\/2012\/09\/KWP-o-Kucu-360x300.jpg 360w\" sizes=\"(max-width: 989px) 100vw, 989px\" \/><\/p>\n<p>&nbsp;<\/p>\n<p><a href=\"http:\/\/krzysztof-kuc.info\/wp-content\/uploads\/2012\/09\/Biznesmen-Krzysztof-K1.jpg\"><img loading=\"lazy\" decoding=\"async\" class=\"alignleft size-full wp-image-45\" title=\"Biznesmen Krzysztof K\" src=\"http:\/\/krzysztof-kuc.info\/wp-content\/uploads\/2012\/09\/Biznesmen-Krzysztof-K1.jpg\" alt=\"\" width=\"991\" height=\"1050\" srcset=\"https:\/\/krzysztof-kuc.info\/wp-content\/uploads\/2012\/09\/Biznesmen-Krzysztof-K1.jpg 991w, https:\/\/krzysztof-kuc.info\/wp-content\/uploads\/2012\/09\/Biznesmen-Krzysztof-K1-283x300.jpg 283w, https:\/\/krzysztof-kuc.info\/wp-content\/uploads\/2012\/09\/Biznesmen-Krzysztof-K1-966x1024.jpg 966w\" sizes=\"(max-width: 991px) 100vw, 991px\" \/><\/a><\/p>\n<p>&nbsp;<\/p>\n<p><a href=\"http:\/\/krzysztof-kuc.info\/wp-content\/uploads\/2012\/09\/Oszu\u015bci-buszowali-na-Allegro-wy\u0142udzili-ponad-250-tysi\u0119cy-z\u0142otych.png\"><img loading=\"lazy\" decoding=\"async\" class=\"alignleft size-full wp-image-41\" title=\"Oszu\u015bci buszowali na Allegro  wy\u0142udzili ponad 250 tysi\u0119cy z\u0142otych\" src=\"http:\/\/krzysztof-kuc.info\/wp-content\/uploads\/2012\/09\/Oszu\u015bci-buszowali-na-Allegro-wy\u0142udzili-ponad-250-tysi\u0119cy-z\u0142otych.png\" alt=\"\" width=\"1076\" height=\"2137\" srcset=\"https:\/\/krzysztof-kuc.info\/wp-content\/uploads\/2012\/09\/Oszu\u015bci-buszowali-na-Allegro-wy\u0142udzili-ponad-250-tysi\u0119cy-z\u0142otych.png 1076w, https:\/\/krzysztof-kuc.info\/wp-content\/uploads\/2012\/09\/Oszu\u015bci-buszowali-na-Allegro-wy\u0142udzili-ponad-250-tysi\u0119cy-z\u0142otych-151x300.png 151w, https:\/\/krzysztof-kuc.info\/wp-content\/uploads\/2012\/09\/Oszu\u015bci-buszowali-na-Allegro-wy\u0142udzili-ponad-250-tysi\u0119cy-z\u0142otych-515x1024.png 515w\" sizes=\"(max-width: 1076px) 100vw, 1076px\" \/><\/a><\/p>\n","protected":false},"excerpt":{"rendered":"<p>&nbsp; &nbsp;<\/p>\n","protected":false},"author":2,"featured_media":0,"parent":0,"menu_order":0,"comment_status":"open","ping_status":"open","template":"","meta":{"footnotes":""},"class_list":["post-39","page","type-page","status-publish","hentry"],"_links":{"self":[{"href":"https:\/\/krzysztof-kuc.info\/index.php?rest_route=\/wp\/v2\/pages\/39"}],"collection":[{"href":"https:\/\/krzysztof-kuc.info\/index.php?rest_route=\/wp\/v2\/pages"}],"about":[{"href":"https:\/\/krzysztof-kuc.info\/index.php?rest_route=\/wp\/v2\/types\/page"}],"author":[{"embeddable":true,"href":"https:\/\/krzysztof-kuc.info\/index.php?rest_route=\/wp\/v2\/users\/2"}],"replies":[{"embeddable":true,"href":"https:\/\/krzysztof-kuc.info\/index.php?rest_route=%2Fwp%2Fv2%2Fcomments&post=39"}],"version-history":[{"count":5,"href":"https:\/\/krzysztof-kuc.info\/index.php?rest_route=\/wp\/v2\/pages\/39\/revisions"}],"predecessor-version":[{"id":44,"href":"https:\/\/krzysztof-kuc.info\/index.php?rest_route=\/wp\/v2\/pages\/39\/revisions\/44"}],"wp:attachment":[{"href":"https:\/\/krzysztof-kuc.info\/index.php?rest_route=%2Fwp%2Fv2%2Fmedia&parent=39"}],"curies":[{"name":"wp","href":"https:\/\/api.w.org\/{rel}","templated":true}]}}