{"id":23,"date":"2012-09-07T22:34:14","date_gmt":"2012-09-07T22:34:14","guid":{"rendered":"http:\/\/krzysztof-kuc.info\/?page_id=23"},"modified":"2018-03-06T00:52:01","modified_gmt":"2018-03-05T22:52:01","slug":"kim-jest-krzysztof-kuc","status":"publish","type":"page","link":"https:\/\/krzysztof-kuc.info\/?page_id=23","title":{"rendered":"Kim jest Krzysztof Kuc"},"content":{"rendered":"<p dir=\"ltr\" style=\"text-align: justify;\">Kuc w okresach, gdy przebywa poza murami zak\u0142adu karnego kreuje si\u0119 na powa\u017cnego biznesmena i inwestora gie\u0142dowego -specjalist\u0119 od rynk\u00f3w walutowych. Ma to na celu wzbudzenie zaufania u potencjalnych ofiar. W rzeczywisto\u015bci nie ma on jednak ani wykszta\u0142cenia (uko\u0144czy\u0142 jedynie jak\u0105\u015b niedzieln\u0105 szko\u0142\u0119), ani do\u015bwiadczenia (chyba, \u017ce za do\u015bwiadczenie uznamy przegranie na gie\u0142dzie ogromnych kwot pieni\u0119dzy po\u017cyczonych od znajomych). Braki w edukacji i do\u015bwiadczeniu biznesowym pr\u00f3buje nadrobi\u0107 nieudolnie\u00a0kreowanym wizerunkiem i s\u0142ownictwem z zakresu ekonomii. Powa\u017cnym problemem Kuca jest budz\u0105ca podejrzenia fizjonomia, wi\u0119c oszust \u00a0stara si\u0119 wnikn\u0105\u0107 w kr\u0119gi os\u00f3b ciesz\u0105cych si\u0119 dobr\u0105 reputacj\u0105 (dyrektorzy bank\u00f3w, przedsi\u0119biorcy, deweloperzy, prawnicy, architekci,\u00a0lekarze itd). Pytany, czym konkretnie si\u0119 zajmuje m\u00f3wi, \u017ce jest udzia\u0142owcem r\u00f3\u017cnych (nieistniej\u0105cych) zagranicznych sp\u00f3\u0142ek.\u00a0Dzi\u0119ki temu, \u017ce pojawia si\u0119 w otoczeniu os\u00f3b powszechnie szanowanych udaje mu si\u0119 zdoby\u0107 zaufanie przysz\u0142ych ofiar. Aby jeszcze bardziej u\u015bpi\u0107 ich czujno\u015b\u0107, po\u017cycza niewielkie kwoty, kt\u00f3re\u00a0pocz\u0105tkowo\u00a0skrupulatnie oddaje. Dzi\u0119ki temu nowi \u201cznajomi\u201d z czasem sk\u0142onni s\u0105 po\u017cyczy\u0107 mu coraz wi\u0119cej. Oszust czeka cierpliwie na dogodny moment, po \u00a0czym przyst\u0119puje do akcji. Metoda jest jak wida\u0107 niezwykle skuteczna.<\/p>\n<p dir=\"ltr\" style=\"text-align: justify;\">W przest\u0119pczej dzia\u0142alno\u015bci pos\u0142ugiwa\u0142 si\u0119 r\u00f3\u017cnymi pseudonimami. m.in. <strong>jpg.KK<\/strong>, <strong>Monte Christo<\/strong> itd. <strong>mejlun<\/strong> (konto nale\u017c\u0105ce do brata kuca -Mariusza M<span style=\"color: #ffffff;\">ej\u0142una\u00a0<\/span>wykorzystane\u00a0do cel\u00f3w przest\u0119pczych bez jego zgody).<\/p>\n<p style=\"text-align: justify;\"><strong>Wygl\u0105d i znaki szczeg\u00f3lne:<\/strong> niski (ok 160 cm), widoczna nadwaga, nieproporcjonalnie kr\u00f3tkie nogi, w\u0142osy ciemne ze \u015bladami siwizny, silna \u0142ysina czo\u0142owa, du\u017ce zmiany \u00a0\u0142uszczycowe na czole, \u0142okciach i nogach, du\u017ca blizna na szyi, nier\u00f3wne \u017arenice, oczy szare.<\/p>\n<p style=\"text-align: justify;\">Kobiety znaj\u0105ce Kuca prywatnie twierdz\u0105, \u017ce cierpi on na niebezpieczne zaburzenia psychiczne o pod\u0142o\u017cu seksualnym. Osoby posiadaj\u0105ce pewne informacje na ten temat prosimy o pilny kontakt.<\/p>\n<p style=\"text-align: justify;\">Bardzo prosimy o kontakt osoby posiadaj\u0105ce aktualne zdj\u0119cie Kuca. Jedyne jakie uda\u0142o nam si\u0119 zdoby\u0107 to przys\u0142ane przez jedn\u0105 z jego kole\u017canek stare zdj\u0119cie z portalu randkowego. Na zdj\u0119ciu ma ok 30 lat a dzi\u015b dobiega 50-ki. Publikacja aktualnego wizerunku Kuca jest spraw\u0105 niezwykle wa\u017cn\u0105, bo pozwoli potencjalnym ofiarom \u0142atwiej rozpozna\u0107 przest\u0119pc\u0119.<\/p>\n<p class=\"hide-if-no-js\"><a href=\"http:\/\/krzysztof-kuc.info\/wp-content\/uploads\/2018\/03\/DWBw5cfX0AMPqh2.jpg-large.jpg\"><img loading=\"lazy\" decoding=\"async\" class=\"alignleft size-full wp-image-178\" src=\"http:\/\/krzysztof-kuc.info\/wp-content\/uploads\/2018\/03\/DWBw5cfX0AMPqh2.jpg-large.jpg\" alt=\"\" width=\"400\" height=\"485\" srcset=\"https:\/\/krzysztof-kuc.info\/wp-content\/uploads\/2018\/03\/DWBw5cfX0AMPqh2.jpg-large.jpg 400w, https:\/\/krzysztof-kuc.info\/wp-content\/uploads\/2018\/03\/DWBw5cfX0AMPqh2.jpg-large-247x300.jpg 247w\" sizes=\"(max-width: 400px) 100vw, 400px\" \/><\/a><\/p>\n","protected":false},"excerpt":{"rendered":"<p>Kuc w okresach, gdy przebywa poza murami zak\u0142adu karnego kreuje si\u0119 na powa\u017cnego biznesmena i inwestora gie\u0142dowego -specjalist\u0119 od rynk\u00f3w walutowych. Ma to na celu wzbudzenie zaufania u potencjalnych ofiar. W rzeczywisto\u015bci nie ma on jednak ani wykszta\u0142cenia (uko\u0144czy\u0142 jedynie &hellip; <a href=\"https:\/\/krzysztof-kuc.info\/?page_id=23\">Czytaj dalej <span class=\"meta-nav\">&rarr;<\/span><\/a><\/p>\n","protected":false},"author":2,"featured_media":0,"parent":0,"menu_order":0,"comment_status":"open","ping_status":"open","template":"","meta":{"footnotes":""},"class_list":["post-23","page","type-page","status-publish","hentry"],"_links":{"self":[{"href":"https:\/\/krzysztof-kuc.info\/index.php?rest_route=\/wp\/v2\/pages\/23"}],"collection":[{"href":"https:\/\/krzysztof-kuc.info\/index.php?rest_route=\/wp\/v2\/pages"}],"about":[{"href":"https:\/\/krzysztof-kuc.info\/index.php?rest_route=\/wp\/v2\/types\/page"}],"author":[{"embeddable":true,"href":"https:\/\/krzysztof-kuc.info\/index.php?rest_route=\/wp\/v2\/users\/2"}],"replies":[{"embeddable":true,"href":"https:\/\/krzysztof-kuc.info\/index.php?rest_route=%2Fwp%2Fv2%2Fcomments&post=23"}],"version-history":[{"count":10,"href":"https:\/\/krzysztof-kuc.info\/index.php?rest_route=\/wp\/v2\/pages\/23\/revisions"}],"predecessor-version":[{"id":180,"href":"https:\/\/krzysztof-kuc.info\/index.php?rest_route=\/wp\/v2\/pages\/23\/revisions\/180"}],"wp:attachment":[{"href":"https:\/\/krzysztof-kuc.info\/index.php?rest_route=%2Fwp%2Fv2%2Fmedia&parent=23"}],"curies":[{"name":"wp","href":"https:\/\/api.w.org\/{rel}","templated":true}]}}