{"id":21,"date":"2012-09-07T22:23:33","date_gmt":"2012-09-07T22:23:33","guid":{"rendered":"http:\/\/krzysztof-kuc.info\/?page_id=21"},"modified":"2012-09-08T15:54:48","modified_gmt":"2012-09-08T13:54:48","slug":"metody-dzialania","status":"publish","type":"page","link":"https:\/\/krzysztof-kuc.info\/?page_id=21","title":{"rendered":"Metody dzia\u0142ania"},"content":{"rendered":"<p style=\"text-align: justify;\">Ze zgromadzonych przez policj\u0119 materia\u0142\u00f3w wynika, \u017ce \u00a0Krzysztof K. jest wyj\u0105tkowo przebieg\u0142ym i bezwzgl\u0119dnym oszustem. Jego ofiarami pad\u0142y nawet osoby z najbli\u017cszego kr\u0119gu znajomych i cz\u0142onkowie w\u0142asnej rodziny. Po zablokowaniu mu przez administrator\u00f3w konta na portalu Allegro zwr\u00f3ci\u0142 si\u0119 z pro\u015bb\u0105 do co najmniej kilkunastu bliskich znajomych, oraz do swego przyrodniego brata\u00a0o \u00a0udost\u0119pnienia mu kont w celu, jak twierdzi\u0142, sprzedania aparatu. Nast\u0119pnie bez skrupu\u0142\u00f3w dokona\u0142 z tych kont wy\u0142udze\u0144 na kwoty od kilku do kilkudziesi\u0119ciu tysi\u0119cy z\u0142, nara\u017caj\u0105c w\/w osoby na odpowiedzialno\u015b\u0107 karn\u0105 i ogromne straty finansowe. O stopniu moralnej degeneracji Kuca mo\u017ce \u015bwiadczy\u0107 fakt, \u017ce do pope\u0142nienia oszustw wykorzysta\u0142 nawet m\u0142od\u0105, przebywaj\u0105c\u0105 na urlopie macierzy\u0144skim kobiet\u0119, kt\u00f3rej zleci\u0142 sprzeda\u017c aparat\u00f3w fotograficznych przez jej konto na Allegro. Oczywi\u015bcie, po wp\u0142aceniu przez klient\u00f3w pieni\u0119dzy Kuc znikn\u0105\u0142, klienci zostali bez pieni\u0119dzy i towaru a m\u0142oda kobieta ma do sp\u0142acenie ogromne d\u0142ugi, poniewa\u017c transakcje dokonane zosta\u0142y przez jej konto.<\/p>\n<p style=\"text-align: justify;\">Jak ka\u017cdy kryminalista, Kuc zawsze przedstawia si\u0119 jako pokrzywdzony i nies\u0142usznie skazany. W kontaktach z osobami, kt\u00f3re dowiedz\u0105 o tym, \u00a0\u017ce by\u0142 karany zawsze przedstawia si\u0119 jako ofiara wymiaru sprawiedliwo\u015bci albo twierdzi, \u017ce zosta\u0142 skazany za przest\u0119pstwa swego wsp\u00f3lnika, o kt\u00f3rych nie mia\u0142 poj\u0119cia. Fakty s\u0105 oczywi\u015bcie inne. We wszystkich sprawach to w\u0142asnie Kuc wykorzysta\u0142 zaufanie os\u00f3b, z kt\u00f3rymi wchodzi\u0142 w relacje biznesowe.\u00a0Wykorzystuj\u0105c\u00a0ich \u017cyczliwo\u015b\u0107 i zaufanie dokonywa\u0142 na ich konto przest\u0119pstw, w wyniku kt\u00f3rych on trafia\u0142 &#8222;za kratki&#8221; a oni tracili cz\u0119sto ca\u0142y maj\u0105tek i popadali w d\u0142ugi na wiele lat.<\/p>\n<p style=\"text-align: justify;\">Wi\u0119kszo\u015b\u0107 przest\u0119pstw Kuc pope\u0142ni\u0142 stosuj\u0105c jedn\u0105 z czterech \u00a0metod:<\/p>\n<p style=\"text-align: justify;\">1.Wy\u0142udzenia na portalach aukcyjnych.<\/p>\n<p style=\"text-align: justify; padding-left: 30px;\">Do\u015b\u0107 d\u0142ugo Kuc bez przeszk\u00f3d prowadzi\u0142 t\u0105 dzia\u0142alno\u015b\u0107 z\u00a0w\u0142asnego\u00a0konta na Allegro, pod nickiem <strong>jpgKK<\/strong>, ale po kilku miesi\u0105cach zosta\u0142o ono zablokowane przez administrator\u00f3w serwisu. Od tego momentu sprawca zacz\u0105\u0142 korzysta\u0107 z uprzejmo\u015bci znajomych, do kt\u00f3rych zwraca\u0142 si\u0119 z pro\u015bb\u0105 o grzeczno\u015bciowe\u00a0u\u017cyczenie\u00a0konta do sprzedania aparatu. Po uzyskaniu\u00a0dost\u0119pu\u00a0do cudzego konta zmienia\u0142 numer konta na w\u0142asne oraz podawa\u0142 sw\u00f3j numer telefonu i adres mailowy, po czym wystawia\u0142 na\u00a0aukcjach\u00a0bardzo drogi sprz\u0119t fotograficzny w okazyjnych cenach (okazyjnych w stosunku do sklepowych, bo by\u0142y to kwoty znaczne: -ceny zestaw\u00f3w to cz\u0119sto kilkana\u015bcie tys. z\u0142!). Klienci wp\u0142acali pieni\u0105dze ale towaru nie otrzymywali. Po pewnym czasie dzwonili na podany telefon z pytaniem. Kuc uspokaja\u0142, zapewniaj\u0105c, \u017ce wszystko jest ju\u017c w trakcie\u00a0realizacji. \u00a0W niekt\u00f3rych przypadkach zwodzi\u0142 w ten spos\u00f3b nabywc\u00f3w przez kilka miesi\u0119cy. W mi\u0119dzyczasie dokonywa\u0142 kolejnych oszustw. Prawowici w\u0142a\u015bciciele kont niczego nie podejrzewali, poniewa\u017c nabywcy sprz\u0119tu\u00a0kontaktowali\u00a0si\u0119 dzwoni\u0105c na numer Kuca i koresponduj\u0105c na jego adres mailowy, wi\u0119c \u017cadne sygna\u0142y o skali sprzeda\u017cy ani o niewywi\u0105zywaniu si\u0119 z zam\u00f3wie\u0144 do nich nie dociera\u0142y. Po pewnym czasie Kuc przestawa\u0142 odbiera\u0107 telefony od nabywc\u00f3w, albo twierdzi\u0142, \u017ce przebywa za granic\u0105 (faktycznie przebywa\u0142 w Bia\u0142ymstoku) i zwr\u00f3ci\u00a0pieni\u0105dze\u00a0po powrocie. W\u00f3wczas cz\u0119\u015b\u0107 os\u00f3b zg\u0142asza\u0142a si\u0119 po pomoc do administrator\u00f3w portalu i na policj\u0119. W tym momencie dane konto by\u0142o\u00a0blokowane\u00a0a jego prawowity\u00a0w\u0142a\u015bciciel\u00a0dowiadywa\u0142 si\u0119, \u017ce pope\u0142ni\u0142\u00a0przest\u0119pstwo\u00a0(formalnie, to on by\u0142 strona transakcji!). W ten spos\u00f3b Kuc\u00a0pogr\u0105\u017cy\u0142\u00a0w tarapatach finansowych i doprowadzi\u0142 do konfliktu z prawem wszystkie osoby z\u00a0gronowa\u00a0najbli\u017cszych znajomych, kt\u00f3re zgodzi\u0142y si\u0119 wy\u015bwiadczy\u0107 mu przys\u0142ug\u0119 w postaci u\u017cyczenia konta na portalu aukcyjnym. Gdy w\u015br\u00f3d znajomych by\u0142 ju\u017c spalony a zacz\u0119\u0142a go poszukiwa\u0107 policja, ukry\u0142 si\u0119 w Poznaniu i zmieni\u0142 metod\u0119 dzia\u0142ania.\u00a0Wyszukiwa\u0142\u00a0ofiar oferuj\u0105c prac\u0119 przy\u00a0sprzeda\u017cy\u00a0internetowej. Praca mia\u0142a\u00a0polega\u0107\u00a0na sprzeda\u017cy\u00a0sprz\u0119tu, ale warunkiem koniecznym by\u0142o posiadanie w\u0142asnego konta na Allegro. Ofiarami pad\u0142y g\u0142\u00f3wnie osoby b\u0119d\u0105ce w\u00a0ci\u0119\u017ckiej\u00a0sytuacji materialnej i kobiety na urlopach macierzy\u0144skich, kt\u00f3re chwyta\u0142y si\u0119 ka\u017cdej okazji by dorobi\u0107\u00a0par\u0119\u00a0groszy.<\/p>\n<p style=\"text-align: justify;\">2. Wy\u0142udzenia przy pomocy fikcyjnych funduszy inwestycyjnych<\/p>\n<p style=\"text-align: justify; padding-left: 30px;\">Przebywaj\u0105c w Poznaniu Kuc wraz ze swym wsp\u00f3lnikiem Wojciechem Cz. zorganizowa\u0142 fikcyjny fundusz inwestycyjny. Oszustwo by\u0142o dobrze zaplanowane i wygl\u0105da\u0142o bardzo wiarygodnie. Firma rzekomo mia\u0142a siedzib\u0119 w Wielkiej Brytanii a stronie internetowej Kuc poda\u0142 numer telefonu\u00a0nale\u017c\u0105cy\u00a0do jego znajomej mieszkaj\u0105cej na sta\u0142e w Londynie (kt\u00f3ra nie mia\u0142a poj\u0119cia o ca\u0142ej sprawie). Dowiedzia\u0142a si\u0119, w co zosta\u0142a wmanewrowana dopiero, gdy\u00a0zacz\u0119li\u00a0do niej\u00a0wydzwania\u0107\u00a0rozw\u015bcieczeni &#8222;inwestorzy&#8221;, kt\u00f3rzy\u00a0zorientowali\u00a0si\u0119, \u017ce zostali okradzeni i obrzucali j\u0105 wyzwiskami przez telefon. Na temat &#8222;funduszu&#8221; posiadamy na razie niewiele informacji, dlatego prosimy o kontakt wszystkich, kt\u00f3rzy wiedz\u0105 co\u015b wi\u0119cej.<\/p>\n<p style=\"text-align: justify;\">3. Wy\u0142udzenia od os\u00f3b prywatnych<\/p>\n<p style=\"text-align: justify; padding-left: 30px;\">Blisko po\u0142ow\u0119 wy\u0142udzonych pieni\u0119dzy Kuc ukrad\u0142 od bliskich znajomych prosz\u0105c o\u00a0po\u017cyczk\u0119, lub pomoc we wzi\u0119ciu kredytu. Za po\u017cyczone pieni\u0105dze prowadzi\u0142 rozrzutny tryb\u00a0\u017cycia, wynajmuj\u0105c pi\u0119trowy apartament w centrum Bia\u0142egostoku. Twierdzi\u0142, \u017ce osi\u0105ga znaczne dochody z transakcji na rynkach walutowych, wi\u0119c ze zwrotem pieni\u0119dzy nie b\u0119dzie mia\u0142 problem\u00f3w. Zobowi\u0105zania sp\u0142aca\u0142 kolejnymi po\u017cyczkami, dzi\u0119ki czemu do\u015b\u0107 d\u0142ugo uchodzi\u0142 za osob\u0119 uczciwa. Prawda wysz\u0142a jednak na jaw, gdy\u00a0wysoko\u015b\u0107\u00a0kwot kt\u00f3re chcia\u0142 po\u017cyczy\u0107 przekroczy\u0142a zaufanie, jakie mieli do niego znajomi. Okaza\u0142o si\u0119 w\u00f3wczas, \u017ce w ci\u0105gu stosunkowo kr\u00f3tkiego okresu\u00a0zdefraudowa\u0142\u00a0kilkaset tysi\u0119cy\u00a0z\u0142otych. W wyniku jego oszustw jeden z jego znajomych straci\u0142 dom, inni dorobek\u00a0ca\u0142ego\u00a0\u017cycia\u00a0a jeszcze inni maj\u0105 do sp\u0142acenia ogromne kredyty.<\/p>\n<p style=\"text-align: justify;\">4. Wy\u0142udzenia dokonywane na cudze konto.<\/p>\n<p style=\"text-align: justify; padding-left: 30px;\">Krzysztof K. w spos\u00f3b wyj\u0105tkowo perfidny nadu\u017cywa\u0142 \u017cyczliwo\u015bci i zaufania os\u00f3b ze swego otoczenia. Do kilku znajomych przedsi\u0119biorc\u00f3w zwr\u00f3ci\u0142 si\u0119 z pro\u015bb\u0105 o pomoc, bo jak twierdzi\u0142, zamierza zaj\u0105\u0107 si\u0119 internetow\u0105 sprzeda\u017c\u0105 sprz\u0119tu fotograficznego ale do czasu zako\u0144czenia rejestracji jego firmy nie ma jak wystawi\u0107 faktury VAT a taki dokument wymagany by\u0142 pono\u0107 przez firm\u0119 Canon jako podstawa gwarancji. Dwie osoby zgodzi\u0142y si\u0119 bezinteresownie wy\u015bwiadczy\u0107 mu tak\u0105 przys\u0142ug\u0119 i sprzeda\u0107 towar przez w\u0142asn\u0105 firm\u0119 (Kuc mia\u0142 w transakcji\u00a0wyst\u0119powa\u0107\u00a0jako ko\u0144cowy po\u015brednik). Nie trzeba chyba m\u00f3wi\u0107, \u017ce klienci towaru nie otrzymali, Kuc ukrad\u0142 pieni\u0105dze a prokuratura i policja prowadzi dochodzenia przeciwko osobom, kt\u00f3re bezinteresownie chcia\u0142y pom\u00f3c Kucowi rozpocz\u0105\u0107 w\u0142asny biznes.<\/p>\n<p style=\"text-align: justify;\">We wczesnym okresie dzia\u0142alno\u015bci Kuc dokonywa\u0142 r\u00f3wnie\u017c innych przest\u0119pstw, ale posiadamy tylko szcz\u0105tkowe informacje od os\u00f3b poszkodowanych z\u00a0Bia\u0142egostoku. Wiadomo, \u017ce karany by\u0142 za fa\u0142szerstwa, posiadanie amunicji oraz za wy\u0142udzenia znacznych kwot w okresie, gdy pracowa\u0142 w agencji obrotu nieruchomo\u015bciami PANORAMA.\u00a0Je\u017celi\u00a0uda nam si\u0119 ustali\u0107 wi\u0119cej fakt\u00f3w, postaramy si\u0119 je\u00a0zamie\u015bci\u0107.<\/p>\n","protected":false},"excerpt":{"rendered":"<p>Ze zgromadzonych przez policj\u0119 materia\u0142\u00f3w wynika, \u017ce \u00a0Krzysztof K. jest wyj\u0105tkowo przebieg\u0142ym i bezwzgl\u0119dnym oszustem. Jego ofiarami pad\u0142y nawet osoby z najbli\u017cszego kr\u0119gu znajomych i cz\u0142onkowie w\u0142asnej rodziny. Po zablokowaniu mu przez administrator\u00f3w konta na portalu Allegro zwr\u00f3ci\u0142 si\u0119 z &hellip; <a href=\"https:\/\/krzysztof-kuc.info\/?page_id=21\">Czytaj dalej <span class=\"meta-nav\">&rarr;<\/span><\/a><\/p>\n","protected":false},"author":2,"featured_media":0,"parent":0,"menu_order":0,"comment_status":"open","ping_status":"open","template":"","meta":{"footnotes":""},"class_list":["post-21","page","type-page","status-publish","hentry"],"_links":{"self":[{"href":"https:\/\/krzysztof-kuc.info\/index.php?rest_route=\/wp\/v2\/pages\/21"}],"collection":[{"href":"https:\/\/krzysztof-kuc.info\/index.php?rest_route=\/wp\/v2\/pages"}],"about":[{"href":"https:\/\/krzysztof-kuc.info\/index.php?rest_route=\/wp\/v2\/types\/page"}],"author":[{"embeddable":true,"href":"https:\/\/krzysztof-kuc.info\/index.php?rest_route=\/wp\/v2\/users\/2"}],"replies":[{"embeddable":true,"href":"https:\/\/krzysztof-kuc.info\/index.php?rest_route=%2Fwp%2Fv2%2Fcomments&post=21"}],"version-history":[{"count":6,"href":"https:\/\/krzysztof-kuc.info\/index.php?rest_route=\/wp\/v2\/pages\/21\/revisions"}],"predecessor-version":[{"id":56,"href":"https:\/\/krzysztof-kuc.info\/index.php?rest_route=\/wp\/v2\/pages\/21\/revisions\/56"}],"wp:attachment":[{"href":"https:\/\/krzysztof-kuc.info\/index.php?rest_route=%2Fwp%2Fv2%2Fmedia&parent=21"}],"curies":[{"name":"wp","href":"https:\/\/api.w.org\/{rel}","templated":true}]}}